{"id":2349,"date":"2023-08-15T15:10:06","date_gmt":"2023-08-15T13:10:06","guid":{"rendered":"https:\/\/vanvliet.hr\/informacije-za-korisnike\/"},"modified":"2023-08-31T12:02:16","modified_gmt":"2023-08-31T10:02:16","slug":"information-for-users","status":"publish","type":"page","link":"https:\/\/vanvliet.hr\/en\/information-for-users\/","title":{"rendered":"Information for users"},"content":{"rendered":"<h4><strong>Op\u0107e odredbe i uvjeti poslovanja<\/strong><\/h4>\n<p>Op\u0107e odredbe i uvjeti za veleprodaju cvije\u0107arskih proizvoda sastavljeno na temelju uredbi koje je sastavilo Udru\u017eenje veletrgovaca cvje\u0107arskih proizvoda (VGB) te registriralo pri Gospodarskoj industrijskoj komori u Amsterdamu pod br. 4059609.<\/p>\n<h5><strong>I.OP\u0106E ODREDBE<\/strong><\/h5>\n<ol>\n<li>Ove op\u0107e odredbe i uvjeti primjenjuju se na sve ponude tvrtke J. van Vliet Zagreb d.o.o. kao veletrgovca cvije\u0107em i sadnicama (Prodavatelj), na sve sporazume sklopljene izme\u0111u Prodavatelja i klijenta (Kupac) te na provo\u0111enje tih sporazuma.<\/li>\n<li>Sve promjenjive odredbe moraju se izri\u010dito pismeno ugovoriti te \u0107e se nadopunjavati na ove Op\u0107e odredbe i uvjete. Ukoliko promjenjive odredbe nisu u skladu s ovim Op\u0107im odredbama i uvjetima, promjenjive odredbe imat \u0107e prednost pred Op\u0107im odredbama.<\/li>\n<\/ol>\n<h5><strong>II.PONUDE\/SPORAZUMI<\/strong><\/h5>\n<ol>\n<li>Dostavljenje ponude ne\u0107e obvezivati Prodavatelja, osim ako ne definiraju vremenski rok. Ukoliko je Kupac prihvato neobvezuju\u0107u ponudu, Prodavatelj mo\u017ee povu\u0107i ponudu unutar dva radna dana od trenutka prihva\u0107anja.<\/li>\n<li>Sporazum se smatra zaklju\u010denim s izri\u010ditim prihva\u0107anjem narud\u017ebe Kupca na ustaljeni na\u010din u ovom sektoru.<\/li>\n<li>Ponude su jednokratne i ne odnose se na opetovane narud\u017ebe.<\/li>\n<\/ol>\n<h5><strong>III. CIJENE<\/strong><\/h5>\n<ol>\n<li>Cijene se op\u0107enito odre\u0111uju nakon prihva\u0107anja narud\u017ebe.<\/li>\n<li>Cijene su EXW (Prodavatelj je izvr\u0161io svoju obvezu, te tro\u0161ak i rizik nad robom prelazi na Kupca kad Prodavatelj stavlja robu na raspolaganje kupcu i to u svojim prostorijama ili na drugom imenovanom mjestu. Roba ne mora biti utovarena, niti obavljeno izvozno carinjenje.)<\/li>\n<li>Cijene ne uklju\u010duju porez na dodanu vrijednost, tro\u0161kove uvoza, ostale poreze i namete, cijene provjere kvalitete i\/ili fitosanitarnog ispitivanja, tro\u0161kove utovara i istovara, pakiranja, prijevoza, osiguranja te ostale tro\u0161kove.<\/li>\n<li>Cijene su izra\u017eene u kunama, osim ako na ra\u010dunu nije navedena druga valuta.<\/li>\n<li>DOSTAVA I VRIJEME DOSTAVE<\/li>\n<li>Sva navedena vremena dostave samo su procjene te se ni u kom slu\u010daju ne mogu smatrati obvezuju\u0107ima, osim ako nije druga\u010dije izri\u010dito napismeno dogovoreno. Prodavatelj nije odgovoran za bilo kakve gubitke Kupca koji nastaju kao posljedica prekora\u010denja rokova dostave.<\/li>\n<li>Ukoliko Prodavatelj ne mo\u017ee dostaviti narud\u017ebu ili dio narud\u017ebe, obavijestit \u0107e Kupca u najkra\u0107em roku. Ukoliko Prodavatelj ne mo\u017ee dostaviti naru\u010denu koli\u010dinu, mo\u017ee dostaviti manju koli\u010dinu ili odgoditi ispunjavanje narud\u017ebe i\/ili dostaviti druge proizvode koji su sli\u010dne ili iste vrijednosti\u00a0\u00a0u dogovoru s Kupcem.<\/li>\n<li>Ukoliko nije izri\u010dito napismeno dogovoreno druga\u010dije, skladi\u0161te, trgovina ili objekt za obradu ili bilo koje drugo mjesto definirano od strane Prodavatelja, smatrat \u0107e se mjestom preuzimanja dostave.<\/li>\n<li>Dostava je besplatna samo ako je tako dogovoreno i nazna\u010deno na potvrdi narud\u017ebe od strane Prodavatelja.<\/li>\n<li>Prodavatelj zadr\u017eava pravo neispunjenja narud\u017ebi ukoliko Kupac nije platio prethodne narud\u017ebe unutar dogovorenog vremenskog roka<\/li>\n<li>Ukoliko Kupac ne preuzme narud\u017ebu u dogovoreno vrijeme na dogovorenom mjestu, Kupac snosi odgovornost za bilo kakav gubitak kvalitete proizvoda zbog skladi\u0161tenja. Naru\u010deni proizvodi bit \u0107e dostupni Kupcu tijekom skladi\u0161tenja te \u0107e se skladi\u0161titi na teret i rizik Kupca.<\/li>\n<li>Ukoliko Kupac ne preuzme proizvode nakon privremenog perioda skladi\u0161tenja (koji se smatra razumnim u odnosu na vrstu proizvoda), te ako je mi\u0161ljenje Prodavatelja da gubitak kvalitete i\/ili propadanje proizvoda to zahtijeva u cilju smanjenja gubitka, Prodavatelj ima pravo prodati proizvode tre\u0107oj strani.<\/li>\n<li>Nepridr\u017eavanje odredbi od strane Kupca ne osloba\u0111a ga obveze pla\u0107anja pune cijene.<\/li>\n<li>Prodavatelj nije odgovoran za gubitke nastale kao posljedica neuspjele dostave.<\/li>\n<li>VI\u0160A SILA<\/li>\n<li>U slu\u010daju Vi\u0161e sile Prodavatelj smije raskinuti sporazum ili privremeno odgoditi dostavu.<\/li>\n<li>Vi\u0161a sila uklju\u010duje, no nije ograni\u010dena, na okolnosti poput gra\u0111anskih nemira, rata, \u0161trajkova (\u010dak i kada Prodavatelj \u0161trajka), prirodnih katastrofa, epidemija, terorizma, vremenskih uvjeta, prometnih uvjeta poput zapreka na cestama, radova na cestama ili prometnih \u010depova, po\u017eara, vladinih mjera i sl.<\/li>\n<li>PAKIRANJE<\/li>\n<li>Proizvodi se pakiraju na na\u010din ustaljen u trgovini cvije\u0107em i biljkama od strane Prodavatelja u skladu s dobrom poslovnom praksom, osim ako druga\u010dije nije pismeno ugovoreno.<\/li>\n<li>Ambala\u017ea koja se ne mo\u017ee ponovno iskoristiti bit \u0107e napla\u0107ena.<\/li>\n<li>Ambala\u017ea koja se mo\u017ee ponovno iskoristiti i ostali postojani materijali (kartonske kutije, kontejneri, kante, kolica za prijevoz) koji ostaju u vlasni\u0161tvu Prodavatelja, tako\u0111er \u0107e biti napla\u0107eni te se moraju vratiti Prodavatelju. Tro\u0161ak povratne po\u0161iljke bit \u0107e zasebno napla\u0107en Kupcu. Ukoliko je vra\u0107eni materijal u dobrom stanju, unutar 30 dana od datuma izdavanja ra\u010duna izvr\u0161it \u0107e se povrat sredstava na ra\u010dun Kupca, nakon odbijanja dogovorenih tro\u0161kova kori\u0161tenja.<\/li>\n<li>Ukoliko Kupac ne vrati ambala\u017eni materijal (kolica za prijevoz, kante&#8230;), Prodavatelj zadr\u017eava pravo da naplati tro\u0161kove istog materijala Kupcu te da od Kupca nadoknadi svaki nastali gubitak.<\/li>\n<li>Ukoliko je napla\u0107en polog, isti se vra\u0107a nakon povrata materijala u dobrom stanju. Tro\u0161ak povratne po\u0161iljke bit \u0107e zasebno napla\u0107en Kupcu.<\/li>\n<\/ol>\n<h5><strong>VII. PRITU\u017dBE<\/strong><\/h5>\n<ol>\n<li>Pritu\u017ebe koje se odnose na vidljiva o\u0161te\u0107enja dostavljenog proizvoda moraju se dojaviti Prodavatelju putem faksa, e-maila (<a href=\"mailto:info@vanvliet.hr\">info@vanvliet.hr<\/a>)\u00a0\u00a0ili telefonski (091\/6060-096) odmah nakon otkrivanja o\u0161te\u0107enja, a unutar 24 sata od preuzimanja. Dojava pritu\u017ebe telefonskim putem mora biti napismeno potvr\u0111ena od strane Kupca unutar dva dana od preuzimanja proizvoda. Kupac ili preuzimatelj proizvoda tako\u0111er mora na dokumentima transporta proizvoda u pitanju, nazna\u010diti pritu\u017ebu.<\/li>\n<li>Pritu\u017ebe koje se odnose na nevidljiva o\u0161te\u0107enja dostavljenih proizvoda moraju se dojaviti Prodavatelju odmah nakon otkrivanja. Ukoliko pritu\u017eba nije poslana pismenim putem, ona se mora pismeno potvrditi unatar 24 sata.<\/li>\n<li>Pritu\u017eba u svakom slu\u010daju mora sadr\u017eavati:<\/li>\n<li>a)detaljan i to\u010dan opis o\u0161te\u0107enja<\/li>\n<li>b)\u010dinjeni\u010dnu izjavu koja potvr\u0111uje da je dostavljeni proizvod i proizvod koji je Kupac odbio preuzeti jedan te isti.<\/li>\n<li>Kupac mora Prodavatelju omogu\u0107iti istragu ili pokretanje istrage kojom \u0107e se ustvrditi valjanost pritu\u017ebe na lokaciji i\/ili preuzimanje dostavljenog proizvoda. Proizvodi moraju biti pohranjeni u izvornoj ambala\u017ei.<\/li>\n<li>Pritu\u017ebe koje se odnose na dio dostavljenih proizvoda ne daju Kupcu pravo da vrati cijelu po\u0161iljku.<\/li>\n<li>Nakon isteka gore navedenih vremenskih rokova, smatrat \u0107e se da je Kupac preuzeo dostavljene proizvode ili isporu\u010deni ra\u010dun. Prodavatelj nakon toga nije vi\u0161e du\u017ean prihvatiti bilo kakve pritu\u017ebe upu\u0107ene od Kupca.<\/li>\n<\/ol>\n<h5><strong>VIII. ODGOVORNOST<\/strong><\/h5>\n<ol>\n<li>Prodavatelj nije odgovoran za bilo kakve gubitke Kupca, osim u slu\u010daju kada Kupac doka\u017ee da je gubitak nastao s namjerom ili zbog grubog nemara od strane Prodavatelja.<\/li>\n<li>Manjkavosti koje se odnose na bilo koje fitosanitarne i\/ili druge uvjete koji se primjenjuju u zemlji uvoda na daju Kupcu pravo da prekr\u0161i ili opozve sporazum, osim u slu\u010daju kada je Kupac prethodno pismenim putem upozorio Prodavatelja s istim uvjetima.<\/li>\n<li>Prodavatelj ni u kojem slu\u010daju nije odgovoran za posljedi\u010dne gubitke Kupca. Ukoliko Prodavatelj svejedno mora nadoknaditit gubitak, nov\u010dana odgovornost Prodavatelja ne smije prelaziti vrijednost iskazanu na ra\u010dunu za dostavljene proizvode na koje se naknada odnosi.<\/li>\n<li>Ukoliko nije izri\u010dito druga\u010dije odre\u0111eno, dostavljeni proizvodi namijenjeni su isklju\u010divo za dekoraciju te nisu pogodni za konzumaciju. Prodavatelj izjavljuje da proizvodi mogu imati \u0161tetne u\u010dinke na ljude i\/ili \u017eivotinje u slu\u010daju neispravnog kori\u0161tenja, konzumacije, kontakte i\/ili pretjerane osjetljivosti. Kupac mora isto upozorenje prenjeti svojim klijentima te se Prodavatelj izuzima od bilo kakvih potra\u017eivanja tre\u0107e stranke, uklju\u010duju\u0107i krajnjih korisnika, u slu\u010daju posljedica.<\/li>\n<li>PLA\u0106ANJE<\/li>\n<li>Pla\u0107anje se obavlja na na\u010din na koji odre\u0111uje Prodavatelj:<\/li>\n<li>a)gotovinom prilikom preuzimanja<\/li>\n<li>b)kreditnim karticama prilikom preuzimanja<\/li>\n<li>c)na bankovni ra\u010dun Prodavatelja u roku nazna\u010denom na ra\u010dunu ili avansno temeljem ponude<\/li>\n<\/ol>\n<p>Svi potencijalni tro\u0161kovi prijenosa bit \u0107e napla\u0107eni Kupcu.<\/p>\n<ol start=\"2\">\n<li>Kupac ne smije umanjivati cijenu za bilo koji iznos na osnovu navodne pritu\u017ebe. Kupac ne smije odgoditi pla\u0107anje cijene proizvoda na osnovu pritu\u017ebi na dostavljene proizvode.<\/li>\n<li>Ukoliko Kupac kasni s uplatom nakon isteka dogovorenog roka pla\u0107anja, Prodavatelj ima pravo raskinuti sporazum, a raskid odmah stupa na snagu. Prodavatelj nije odgovoran za bilo kakve posljedice koje proizlaze iz raskidanja sporazuma.<\/li>\n<li>Ukoliko Kupac kasni s uplatom, Prodavatelj ima pravo naplatiti zakonski utvr\u0111enu zateznu kamatu na iznos dugovanja od trenutka dospije\u0107a ra\u010duna do trenutka podmirenja dugovanja.<\/li>\n<li>Ukoliko Kupac kasni s uplatom, Kupac je du\u017ean Prodavatelju nadoknaditit gubitak u slu\u010daju promjene te\u010daja valuta.<\/li>\n<li>Ukoliko tre\u0107a strana ima obavezu naplate dugovanja, Kupac \u0107e Prodavatelju nadoknaditi sve nastale sudske i izvansudske tro\u0161kove, u minimalnom iznosu od 15% izvornog iznosa dugovanja, a s uplatom takvih tro\u0161kova bez odgode.<\/li>\n<li>PRIDR\u017dAJ POSJEDOVANJA<\/li>\n<li>Prodavatelj zadr\u017eava pravo posjedovanja sve do potpunog podmirenja svih ispostavljenih tro\u0161kova od strane Kupca.<\/li>\n<li>Kupac ne smije zalo\u017eiti proizvode niti ih koristiti kao jamstvo na bilo koji na\u010din do izvr\u0161enja uplate. Ukoliko tre\u0107a strana ovr\u0161i proizvode ili ih se na bilo koji drugi na\u010din poku\u0161a ukloniti, Kupac mora smjesta obavijestiti Prodavatelja.<\/li>\n<li>Kupac uvijek mora sura\u0111ivati u potpunosti, na prvi zahtjev Prodavatelja da ostvari svoje pravo posjedovanja. Kupac \u0107e biti du\u017ean Prodavatelju nadoknaditi sve tro\u0161kove koji nastanu kao posljedica prava pridr\u017eaja posjedovanja te srodnih aktivnosti, kao i sve izravne i neizravne gubitke Prodavatelja koje proizlaze iz istih.<\/li>\n<li>Odnosno na proizvode namijenjene izvozu, od trenutka dolaska proizvoda u zemlju izvoza, zakoni zemlje odredi\u0161ta primjenjivat \u0107e se na posljedice zakona o vlasni\u0161tvu koje se odnose na pridr\u017eaj vlasni\u0161tva. Od tog trenutka, ukoliko je dopu\u0161teno primjenjivim zakonom, primjenjuju se sljede\u0107e odredbe uz gore navedene odredbe:<\/li>\n<li>a)u slu\u010daju kr\u0161enja ugovora od strane Kupca, Prodavatelj zadr\u017eava pravo da smjesta preuzme vlasni\u0161tvo nad dostavljenoim proizvodima te ambala\u017enim materijalima, te da ih ukloni po vlastitom naho\u0111enju. Ukoliko je propisano zakonom, taj \u010din porazumijeva raskidanje sporazuma.<\/li>\n<li>b)Kupac ima pravo prodati proizvode u skladu s uobi\u010dajenom praksom. Kupac ovime preuzima bilo kakva potra\u017eivanja od tre\u0107e strane koje proizlaze iz prodaje proizvoda. Prodavatelj priznaje preuzimanje te zadr\u017eava pravo sporenja potra\u017eivanja ako Kupac ne ispuni platne obveze.<\/li>\n<li>c)Kupac smije obraditi proizvode u skladu s uobi\u010dajenom praksom poslovanja, neovisno o tome mije\u0161aju li se proizvodi kupljeni od Prodavatelja s ostalim proizvodima. Prodavatelj \u0107e preuzeti posjedovanja na novonastale proizvode razmjerno udjelu proizvoda Prodavatelja u novonastaloj robi.<\/li>\n<li>d)Ukoliko je Prodavatelj zakonski obvezan predati dio odre\u0111enog jamstva za potra\u017eivanje (ukoliko jamstvo prelazi vrijednost napodmirenih dugovanja u odre\u0111enom postotku), postupit \u0107e tako \u010dim Kupac to zatra\u017ei te ako je isto razvidno iz poslovnih knjiga Prodavatelja.<\/li>\n<li>PRIMJENA ZAKONA\/SPORENJE<\/li>\n<li>Svi sporazumi na koje se u potpunosti ili djelomi\u010dno odnose ove Op\u0107e odredbe i uvjeti, podlo\u017ene su hrvatskom zakonu. Odredbe Be\u010dke konvencije izri\u010dito se odbacuju.<\/li>\n<li>Kupac mo\u017ee podnijeti pritu\u017ebe, koje isklju\u010divo proizlaze ili se ti\u010du sporazuma na koje se ove Op\u0107e odredbe i uvjeti odnose, zadu\u017eenom Trgova\u010dkom sudu u Zagrebu. Prodavatelj mo\u017ee podnijeti pritu\u017ebe Trgova\u010dkom sudu u Zagrebu ili Trgova\u010dkom sudu s podru\u010dja gdje Kupac ima registriranu tvrtku.<\/li>\n<li>Suprotno odredbama u poglavlju 1. i 2., Prodavatelj i Kupac mogu sporazumno podnijeti bilo kakav spor arbitra\u017enom tijelu u skladu s\u00a0Pravilima\u00a0Instituta arbitrabilnosti \u010diju \u0107e odluku obje strane prihvatiti kao obvezuju\u0107u.<\/li>\n<\/ol>\n<h5><strong>XII. ZAKLJU\u010cNE ODREDBE<\/strong><\/h5>\n<ol>\n<li>Svi slu\u010dajevi koji nisu predvi\u0111eni ovim Op\u0107im odredbama i uvjetima podlo\u017eni su hrvatskom pravu.<\/li>\n<li>U slu\u010daju kada jedan dio ili odredba ovih Op\u0107ih odredbi i uvjeta nije u skladu s obveznim pravilom dr\u017eavnog ili me\u0111unarodnog zakona, taj dio odredbi se ne\u0107e smatrati dijelom sporazuma, a ove Op\u0107e odredbe i uvjeti \u0107e u svemu ostalom obvezivati obje stranke. Stranke \u0107e u tom slu\u010daju djelovati kao da su sporazumno dogovorile valjanu odredbu koja odgovara namjeni nevaljane odredbe ili odredbu koja je najsli\u010dnija toj temi.<\/li>\n<\/ol>\n<h4><strong>PRAVILA ZA\u0160TITE PRIVATNOSTI<\/strong><\/h4>\n<p>Van Vliet Zagreb d.o.o. razumije da Vam je privatnost vrlo va\u017ena te radimo sve \u0161to mo\u017eemo da bismo je po\u0161tovali. Stoga se Va\u0161im osobnim podacima koristi samo na\u0161a tvrtka te ih nikada bez Va\u0161e privole ne prenosimo tre\u0107im stranama u komercijalne svrhe, osim ako je to neophodno za isporuku na\u0161ih prozvoda ili pru\u017eanje na\u0161ih usluga ili je s njima povezano.<\/p>\n<p>Istovremeno se tvrtka J. van Vliet Zagreb d.o.o. obvezuje da \u0107e Vas uvijek informirati o posebnim i promotivnim ponudama koje \u0107e Vas vjerojatno zanimati. Ukoliko ne \u017eelite primati nikakve komercijane poruke od nas, mo\u017eete se odjaviti s na\u0161eg popisa korisni\u010dkih adresa slu\u017ee\u0107i se uputama navedenim u samim porukama.<\/p>\n<p>U odjeljcima u nastavke podrobno je obja\u0161njeno kako J. van Vliet Zagreb d.o.o. obra\u0111uje Va\u0161e osobne podatke kada se koristite na\u0161im uslugama i kada posjetite na\u0161e mre\u017eno mjesto\u00a0<a href=\"http:\/\/www.jvanvliet.com\/\">www.jvanvliet.com<\/a><\/p>\n<p><b><strong>Prikupljanje i uporaba osobnih podataka<\/strong><\/b><\/p>\n<p>Ako \u017eelite koristiti na\u0161e usluge mo\u017eda \u0107emo morati od Vas tra\u017eiti neke osobne podatke kao \u0161to su: Va\u0161e ime i prezime, adresu, adresu e-po\u0161te, telefonski broj i neke druge informacije za kontakt. Mo\u017eda \u0107emo od Vas tra\u017eiti i druge podatke koje trebamo radi isporuke proizvoda i pru\u017eanja usluga.<\/p>\n<p>Osobne podatke mo\u017eemo prikupiti raznim kanalima; prilikom izrade korisni\u010dkog ra\u010duna, slanja narud\u017ebe, poziva na\u0161oj korisni\u010dkoj slu\u017ebi, upisivanjem svojih pojedinosti u elektroni\u010dke obrasce na na\u0161im mre\u017enim mjestima ili portalima, preplatom na bilten ili pri tra\u017eenju nformacija od nas. Pohranjuju se i Va\u0161i podaci o pla\u0107anju. Prikupljamo i podatke\u00a0\u00a0o Va\u0161oj uporabi na\u0161ih usluga i mre\u017enih mjesta radi unapre\u0111enja na\u0161ih usluga.<\/p>\n<p>Prikupljene podatke rabimo za isporuku proizvoda i pru\u017eanje usluga, za slanje ra\u010duna, za ure\u0111ivanje podataka o kupcu, za upravljanje sporovima, za borbu protiv prijevara i kr\u0161enja pravila po\u010dinjenih protiv poduze\u0107a J. van Vliet Zagreb d.o.o. i\/ili njegovih zaposlenika, za unapre\u0111enje kvalitete usluga, u svrhu unutarnjeg prijavljivanja i radi planiranja i prijevoza cvije\u0107a i biljaka.<\/p>\n<p>Osobni podaci pohranjeni su za trajanja isporuke na\u0161ih usluga i mogu se \u010duvati do sedam godina nakon \u0161to fizi\u010dka ili pravna osoba prestane biti kupac poduze\u0107a J. vam Vliet Zagreb d.o.o., osim ako od pozuze\u0107a J. van Vliet Zagreb d.o.o. ne zatra\u017eite brisanje podataka. Ako zatra\u017eite brisanje podataka, poduze\u0107e J. van Vliet Zagreb d.o.o. izbrisat \u0107e sve mogu\u0107e osobne podatke, ali ima pravo odbiti zahtjev za brisanjem podataka u mjeri u kojoj ima zakonsku obvezu pohranjivanje osobnih podataka.<\/p>\n<p><b><strong>Za\u0161tita osobnih podataka<\/strong><\/b><\/p>\n<p>Poduzeli smo tehni\u010dke i organizacijske mjere radi za\u0161tite podatkovnih baza u kojima se \u010duvaju Va\u0161i podaci od neovla\u0161tenog pristupa, neovla\u0161tene uporabe, kra\u0111e ili gubitka. Redovno vrednujemo i usvajamo sigurnosne mjere da bismo Vam i dalje mogli pru\u017eati visoku razinu za\u0161tite.<\/p>\n<p><b><strong>Otkrivanje osobnih podataka tre\u0107im stranama<\/strong><\/b><\/p>\n<p>Ne dajemo prikupljene podatke tre\u0107im stranama osim ako je to potrebno za isporuku proizvoda i pru\u017eanje usluga ili je povezano s njima. Poduze\u0107e J. van Vliet Zagreb d.o.o. ima pravo otkriti Va\u0161e osobne podatke kada se od nas to zahtijeva zakonom te na zahtjev bilo kojeg mjerodavnog zakonskog tijela.<\/p>\n<p><b><strong>Specifi\u010dne informacije o privatnosti za profesionalne kupce i njihove zaposlenike<\/strong><\/b><\/p>\n<p>Zaposlenici profesionalnih lupaca imaju pravo na pristup svom korisni\u010dkom ra\u010dunu na internetu te pravo na ispravak i brisanje svojih osobnih podataka.<\/p>\n<p><b><strong>Pravila za\u0161tite privatnosti povezana s na\u0161im mre\u017enim mjestima<\/strong><\/b><\/p>\n<p>Mo\u017eete posjetiti na\u0161e mre\u017eno mjesto, a da pri tom ne upisujete nikakve osobne podatke. Pristup nekim dijelovima ili funkcijama na\u0161eg mre\u017enog mjesta mo\u017ee biti ograni\u010den za posjetitelje bez korisni\u010dkog ra\u010duna. Nakom \u0161to izradite korisni\u010dki ra\u010dun i prijavite se na na\u0161e mre\u017eno mjesto ili portal, imat \u0107ete potpuni pristup na\u0161im proizvodima i uslugama.<\/p>\n<p><b><strong>Podaci za povezivanje<\/strong><\/b><\/p>\n<p>Bilje\u017eimo informacije o spajanju koje izvedete na na\u0161a mre\u017ena mjesta te o softveru i ure\u0111ajima koje rabite da to postignete. Te informacije obuhva\u0107aju Va\u0161u IP adresu, vrijeme Va\u0161e posjeta mre\u017enom mjestu, vrstu preglednika, vrstu i marku ure\u0111aja koji rabite i stranice koje posje\u0107ujete. Ti se podaci rabe radi izrade statistike i unapre\u0111enja kvalitete na\u0161eg mre\u017enog mjesta i usluga putem analize Va\u0161eg pona\u0161anja prilikom pregledavanja na\u0161eg mre\u017enog mjesta. Te se informacije mogu rabiti i za prilago\u0111avanje na\u0161e ponude na mre\u017enom mjestu Va\u0161im potencijalnim potrebama.<\/p>\n<p><b><strong>Pra\u0107enje komercijalnih e-poruka poduze\u0107a J. van Vliet Zagreb d.o.o.<\/strong><\/b><\/p>\n<p>Poduze\u0107e J. van Vliet Zagreb d.o.o. Vam mo\u017ee slati e-poruke da bi Vas informiralo o svojim postoje\u0107im i novim proizvodima, uslugama i promotivnim ponudama, osim ako ne iskoristite pravo na prigovor. Poduze\u0107e J. van Vliet Zagreb d.o.o. rabi alate za mjerenje i pra\u0107enje utjecaja tih e-poruka; jeste li otvorili e-poruku, jeste li kliknuli na poveznicu itd. Ti se alati rabe radi pove\u0107anja u\u010dinkovitosti kampanja e-porukama i radi boljeg prilago\u0111avanja ponuda tvrtke J. van Vliet Zagreb d.o.o. Va\u0161im osobnim potebama.<\/p>\n<p><b><strong>Analiza uporabe mre\u017enih mjesta poduze\u0107a J. van Vliet Zagreb d.o.o<\/strong><\/b>.<\/p>\n<p>Mo\u017eemo se koristiti uslugama tre\u0107ih strana na svojim mre\u017enim mjestima radi pra\u0107enja, analiziranja i izvje\u0161\u0107ivanja o uporabi koju izvr\u0161avaju posjetitelji na\u0161eg mre\u017enog mjesta. U tu svrhu tre\u0107e strane koje poduze\u0107u J. van Vliet Zagreb d.o.o. pru\u017eaju te usluge mogu prikupljati anonimne podatke o Va\u0161oj uporabi na\u0161ih mre\u017enih mjesta, uklju\u010duju\u0107i i Va\u0161e pona\u0161anje na na\u0161im mre\u017enim mjestima ili putem postavljanja kola\u010di\u0107a. Zahvaljuju\u0107i tim podacima mo\u017eemo pratiti gre\u0161ke u svojim mre\u017enim mjestima i odrediti kako unaprijediti Va\u0161e korisni\u010dko iskustvo na na\u0161im mre\u017enim mjestima. Mo\u017eete izbrisati kola\u010di\u0107e u postavkama svog preglednika.<\/p>\n<p><b><strong>Promjene u na\u0161im Pravilima za\u0161teti privatnosti<\/strong><\/b><\/p>\n<p>U budu\u0107nosti mo\u017eemo pro\u0161iriti ili prilagoditi svoja pravila za\u0161tite privatnosti (na primjer, da bismo se prilagodili novi razvojnim trendovima). Stoga preporu\u010dujemo da redovito pregledavate na\u0161a pravila privatnosti na na\u0161im mre\u017enim mjestima.<\/p>\n<p><b><strong>Podaci za kontakt poduze\u0107a J. van Vliet Zagreb d.o.o.<\/strong><\/b><\/p>\n<p>Imate pravo poslati zahtjev da biste saznali koje je osobne podatke o Vama pohranilo poduze\u0107e J. van Vliet Zagreb d.o.o. ili ispravili ili izbrisali osobne podatke. Ako imate pitanja ili zahtjeva glede pravila za\u0161tite privatnosti, mo\u017eete se obratiti poduze\u0107u J. van Vliet Zagreb d.o.o. na adresu e-po\u0161te:\u00a0<a href=\"mailto:info@vanvliet.hr\">info@vanvliet.hr<\/a>\u00a0ili na adresu J. van Vliet Zagreb d.o.o., Slavonska avenija 52\/, 10000 Zagreb.<\/p>\n","protected":false},"excerpt":{"rendered":"<p>Op\u0107e odredbe i uvjeti poslovanja Op\u0107e odredbe i uvjeti za veleprodaju cvije\u0107arskih proizvoda sastavljeno na temelju uredbi koje je sastavilo Udru\u017eenje veletrgovaca cvje\u0107arskih proizvoda (VGB) te registriralo pri Gospodarskoj industrijskoj komori u Amsterdamu pod br. 4059609. I.OP\u0106E ODREDBE Ove op\u0107e odredbe i uvjeti primjenjuju se na sve ponude tvrtke J. van Vliet Zagreb d.o.o. kao [&hellip;]<\/p>\n","protected":false},"author":1,"featured_media":0,"parent":0,"menu_order":0,"comment_status":"closed","ping_status":"closed","template":"","meta":{"_acf_changed":false,"footnotes":""},"class_list":["post-2349","page","type-page","status-publish","hentry"],"acf":[],"_links":{"self":[{"href":"https:\/\/vanvliet.hr\/en\/wp-json\/wp\/v2\/pages\/2349","targetHints":{"allow":["GET"]}}],"collection":[{"href":"https:\/\/vanvliet.hr\/en\/wp-json\/wp\/v2\/pages"}],"about":[{"href":"https:\/\/vanvliet.hr\/en\/wp-json\/wp\/v2\/types\/page"}],"author":[{"embeddable":true,"href":"https:\/\/vanvliet.hr\/en\/wp-json\/wp\/v2\/users\/1"}],"replies":[{"embeddable":true,"href":"https:\/\/vanvliet.hr\/en\/wp-json\/wp\/v2\/comments?post=2349"}],"version-history":[{"count":0,"href":"https:\/\/vanvliet.hr\/en\/wp-json\/wp\/v2\/pages\/2349\/revisions"}],"wp:attachment":[{"href":"https:\/\/vanvliet.hr\/en\/wp-json\/wp\/v2\/media?parent=2349"}],"curies":[{"name":"wp","href":"https:\/\/api.w.org\/{rel}","templated":true}]}}